{"id":8,"date":"2018-11-06T07:01:29","date_gmt":"2018-11-06T07:01:29","guid":{"rendered":"https:\/\/kardio.az\/?page_id=8"},"modified":"2024-10-11T23:06:56","modified_gmt":"2024-10-11T19:06:56","slug":"about","status":"publish","type":"page","link":"https:\/\/kardio.az\/de\/about\/","title":{"rendered":"\u00dcber mich"},"content":{"rendered":"<div data-elementor-type=\"wp-post\" data-elementor-id=\"8\" class=\"elementor elementor-8\" data-elementor-post-type=\"page\">\n\t\t\t\t<div class=\"elementor-element elementor-element-0e2166c e-flex e-con-boxed e-con e-parent\" data-id=\"0e2166c\" data-element_type=\"container\">\n\t\t\t\t\t<div class=\"e-con-inner\">\n\t\t<div class=\"elementor-element elementor-element-554f708 e-con-full e-flex e-con e-child\" data-id=\"554f708\" data-element_type=\"container\">\n\t\t\t\t<div class=\"elementor-element elementor-element-9d107f8 widget widget-call-to-action-light elementor-widget elementor-widget-rt-info-box\" data-id=\"9d107f8\" data-element_type=\"widget\" data-widget_type=\"rt-info-box.default\">\n\t\t\t\t<div class=\"elementor-widget-container\">\n\t\t\t\t\t\r\n<div class=\"rt-el-info-box clearfix media  rtin-light rtin-style8\">\r\n\t<div class=\"rtin-icon\">\r\n\t\t\t\t\t\t\t\t\t\t\t<img decoding=\"async\" width=\"44\" height=\"48\" src=\"https:\/\/kardio.az\/wp-content\/uploads\/2018\/11\/figure6.png\" class=\"attachment-thumbnail size-thumbnail\" alt=\"\" \/>\t\t\t\t\t\t<\/div>\r\n\t<div class=\"media-body rtin-content\">\r\n\t\t<h3 class=\"media-heading rtin-title\">\u018flaq\u0259 \u00fc\u00e7\u00fcn<\/h3>\r\n\t\t<p class=\"rtin-text\">+994 10 382 29 99 <\/p>\r\n\t<\/div>\r\n<\/div>\t\t\t\t<\/div>\n\t\t\t\t<\/div>\n\t\t\t\t<\/div>\n\t\t<div class=\"elementor-element elementor-element-37a3e25 e-con-full e-flex e-con e-child\" data-id=\"37a3e25\" data-element_type=\"container\">\n\t\t\t\t<div class=\"elementor-element elementor-element-4c4c7bf elementor-invisible elementor-widget elementor-widget-heading\" data-id=\"4c4c7bf\" data-element_type=\"widget\" data-settings=\"{&quot;_animation&quot;:&quot;fadeInDown&quot;}\" data-widget_type=\"heading.default\">\n\t\t\t\t\t<h2 class=\"elementor-heading-title elementor-size-default\">Dr. Kenan Ahmadov<\/h2>\t\t\t\t<\/div>\n\t\t\t\t<div class=\"elementor-element elementor-element-a8ffeba elementor-widget elementor-widget-text-editor\" data-id=\"a8ffeba\" data-element_type=\"widget\" data-widget_type=\"text-editor.default\">\n\t\t\t\t\t\t\t\t\t<p>Art\u0131q 15 il\u0259 yax\u0131nd\u0131r ki, Kardiovaskulyar x\u0259st\u0259likl\u0259r m\u00fct\u0259x\u0259sisi v\u0259 \u0130nvaziv Kardioloq kimi \u00e7al\u0131\u015fmaqdad\u0131r. \u00a02003 c\u00fc ild\u0259 Az\u0259rbaycan Tibb Universitetini bitirdikd\u0259n sonra m\u00fcxt\u0259lif ill\u0259rd\u0259 Az\u0259rbaycan, Avstriya,T\u00fcrkiy\u0259 v\u0259 Almaniyada \u00e7oxsayl\u0131 ixtisas art\u0131rma kurslar\u0131nda i\u015ftirak etmi\u015fdir.\u00a0<\/p>\t\t\t\t\t\t\t\t<\/div>\n\t\t<div class=\"elementor-element elementor-element-8ec264d e-con-full e-flex e-con e-child\" data-id=\"8ec264d\" data-element_type=\"container\">\n\t\t<div class=\"elementor-element elementor-element-37b80a2 e-con-full e-flex e-con e-child\" data-id=\"37b80a2\" data-element_type=\"container\">\n\t\t\t\t<div class=\"elementor-element elementor-element-91e2325 elementor-widget elementor-widget-rt-video-with-title\" data-id=\"91e2325\" data-element_type=\"widget\" data-widget_type=\"rt-video-with-title.default\">\n\t\t\t\t<div class=\"elementor-widget-container\">\n\t\t\t\t\t\r\n<div class=\"video-area-layout rtin-layout3\">\r\n\t<div class=\"align-items-center media-none--md\">\r\n\t    <div class=\"video-area overlay-primary80\">\r\n\t    \t \t       <img fetchpriority=\"high\" decoding=\"async\" width=\"630\" height=\"408\" src=\"https:\/\/kardio.az\/wp-content\/uploads\/2024\/09\/5415953885266305307-630x408.jpg\" class=\"attachment-medilink-size3 size-medilink-size3\" alt=\"\" \/>\t\t       \r\n\t\t\t\t       \t\t \t\t\t\t\t<a class=\"play-btn popup-youtube\" href=\"https:\/\/www.youtube.com\/watch?v=Z8Mu_abYW78\">\r\n\t\t\t\t\t    <img decoding=\"async\" width=\"60\" height=\"60\" src=\"https:\/\/kardio.az\/wp-content\/themes\/medilink\/assets\/img\/play.png\" alt=\"play\" class=\"img-fluid\">\r\n\t\t\t\t\t<\/a>\r\n\t          \t        \t    <\/div>\r\n\t<\/div>\r\n<\/div>\t\t\t\t<\/div>\n\t\t\t\t<\/div>\n\t\t\t\t<\/div>\n\t\t<div class=\"elementor-element elementor-element-6d7d659 e-con-full e-flex e-con e-child\" data-id=\"6d7d659\" data-element_type=\"container\">\n\t\t\t\t<div class=\"elementor-element elementor-element-671b2f3 elementor-widget elementor-widget-rt-video-with-title\" data-id=\"671b2f3\" data-element_type=\"widget\" data-widget_type=\"rt-video-with-title.default\">\n\t\t\t\t<div class=\"elementor-widget-container\">\n\t\t\t\t\t\r\n<div class=\"video-area-layout rtin-layout3\">\r\n\t<div class=\"align-items-center media-none--md\">\r\n\t    <div class=\"video-area overlay-primary80\">\r\n\t    \t \t       <img loading=\"lazy\" decoding=\"async\" width=\"630\" height=\"408\" src=\"https:\/\/kardio.az\/wp-content\/uploads\/2024\/09\/5415953885266305292-630x408.jpg\" class=\"attachment-medilink-size3 size-medilink-size3\" alt=\"\" \/>\t\t       \r\n\t\t\t\t       \t\t \t\t\t\t\t<a class=\"play-btn popup-youtube\" href=\"https:\/\/www.youtube.com\/watch?v=-RhykVWzWY4\">\r\n\t\t\t\t\t    <img decoding=\"async\" width=\"60\" height=\"60\" src=\"https:\/\/kardio.az\/wp-content\/themes\/medilink\/assets\/img\/play.png\" alt=\"play\" class=\"img-fluid\">\r\n\t\t\t\t\t<\/a>\r\n\t          \t        \t    <\/div>\r\n\t<\/div>\r\n<\/div>\t\t\t\t<\/div>\n\t\t\t\t<\/div>\n\t\t\t\t<\/div>\n\t\t\t\t<\/div>\n\t\t<div class=\"elementor-element elementor-element-6ce440c e-con-full e-flex e-con e-child\" data-id=\"6ce440c\" data-element_type=\"container\">\n\t\t<div class=\"elementor-element elementor-element-2961ec4 e-con-full e-flex e-con e-child\" data-id=\"2961ec4\" data-element_type=\"container\">\n\t\t\t\t<div class=\"elementor-element elementor-element-3bc36af elementor-widget elementor-widget-text-editor\" data-id=\"3bc36af\" data-element_type=\"widget\" data-widget_type=\"text-editor.default\">\n\t\t\t\t\t\t\t\t\t<p>Hal haz\u0131rda o v\u0259 Komandas\u0131 t\u0259r\u0259find\u0259n Kardiologiyan\u0131n \u0259n m\u00fcasir m\u00fcalic\u0259 v\u0259 diaqnostika\u00a0 metodlar\u0131ndan istifad\u0259 etm\u0259kl\u0259 \u00a0\u00e7oxsayl\u0131 x\u0259st\u0259l\u0259rin r\u0259qb\u0259tini qazanm\u0131\u015fd\u0131r. M\u00fcalic\u0259 etdiyi x\u0259st\u0259likl\u0259r s\u0131ras\u0131nda\u00a0 \u00dcr\u0259k-Damar x\u0259st\u0259likl\u0259ri, Y\u00fcks\u0259k qan t\u0259zyiqi, \u00dcr\u0259k \u00e7at\u0131\u015fmamazl\u0131\u011f\u0131,\u00dcr\u0259k qapaq x\u0259st\u0259likl\u0259ri v\u0259 M\u00fcxt\u0259lif Aritmiyalar\u0131 qeyd etm\u0259k laz\u0131md\u0131r.<\/p>\t\t\t\t\t\t\t\t<\/div>\n\t\t\t\t<div class=\"elementor-element elementor-element-fd5f79d elementor-invisible elementor-widget elementor-widget-heading\" data-id=\"fd5f79d\" data-element_type=\"widget\" data-settings=\"{&quot;_animation&quot;:&quot;fadeInDown&quot;}\" data-widget_type=\"heading.default\">\n\t\t\t\t\t<h3 class=\"elementor-heading-title elementor-size-default\">\u0130\u015f v\u0259 praktiki f\u0259aliyy\u0259ti <\/h3>\t\t\t\t<\/div>\n\t\t\t\t<div class=\"elementor-element elementor-element-73be996 elementor-widget elementor-widget-rt-icon-list\" data-id=\"73be996\" data-element_type=\"widget\" data-widget_type=\"rt-icon-list.default\">\n\t\t\t\t<div class=\"elementor-widget-container\">\n\t\t\t\t\t\r\n<div class=\"about-info-list\">\r\n\t<ul class=\"about-info theme2\">\r\n\t\t\t\t\t<li>\r\n\t\t\t\t\t\t\t\t2003-2004 Elmi T\u0259dqiqat Kardiologiya \u0130nstitutu -h\u0259kim interna\t\t\t<\/li>\r\n\t\t\t\t\t<li>\r\n\t\t\t\t\t\t\t\t2004-2007 Bak\u0131 Ba\u015f T\u0259cili Yard\u0131m Stansiyas\u0131 \u2013 9N-li KYS-\u0130ntensiv terapiya h\u0259kimi v\u0259 Kardioloq \t\t\t<\/li>\r\n\t\t\t\t\t<li>\r\n\t\t\t\t\t\t\t\t2004-2007 MediClub Klinikas\u0131 N\u00f6vb\u0259t\u00e7i \u0130ntensiv Terapiya H\u0259kimi\t\t\t<\/li>\r\n\t\t\t\t\t<li>\r\n\t\t\t\t\t\t\t\t2006-2009 H\u0259kiml\u0259ri T\u0259kmill\u0259\u015fdirm\u0259 \u0130nstitutu -H\u0259kim Aspirant\t\t\t<\/li>\r\n\t\t\t\t\t<li>\r\n\t\t\t\t\t\t\t\t2009-2013 M\u0259rk\u0259zi Klinika MMC -  T\u0259cili yard\u0131m v\u0259 Q\u0259bul \u015f\u00f6b\u0259si H\u0259kimi\t\t\t<\/li>\r\n\t\t\t\t\t<li>\r\n\t\t\t\t\t\t\t\t2013- 2019  M\u0259rk\u0259si Klinika MMC- H\u0259kim Kardioloq     \t\t\t<\/li>\r\n\t\t\t\t\t<li>\r\n\t\t\t\t\t\t\t\t2019-2020 Almaniya D\u00f6vl\u0259ti Klinikum Bad Hersfeld   - H\u0259kim Kardiloq      \t\t\t<\/li>\r\n\t\t\t\t\t<li>\r\n\t\t\t\t\t\t\t\t2020- cari M\u0259rk\u0259zi Klinika MMC - \u0130nvaziv Kardioloq                                                                                                         \t\t\t<\/li>\r\n\t\t\t<\/ul>\r\n<\/div>\r\n\r\n\t\t\t\t<\/div>\n\t\t\t\t<\/div>\n\t\t\t\t<div class=\"elementor-element elementor-element-441a5d9 elementor-invisible elementor-widget elementor-widget-heading\" data-id=\"441a5d9\" data-element_type=\"widget\" data-settings=\"{&quot;_animation&quot;:&quot;fadeInDown&quot;}\" data-widget_type=\"heading.default\">\n\t\t\t\t\t<h3 class=\"elementor-heading-title elementor-size-default\">\u0130\u015f v\u0259 praktiki f\u0259aliyy\u0259ti <\/h3>\t\t\t\t<\/div>\n\t\t\t\t<div class=\"elementor-element elementor-element-51e708c elementor-widget elementor-widget-rt-icon-list\" data-id=\"51e708c\" data-element_type=\"widget\" data-widget_type=\"rt-icon-list.default\">\n\t\t\t\t<div class=\"elementor-widget-container\">\n\t\t\t\t\t\r\n<div class=\"about-info-list\">\r\n\t<ul class=\"about-info theme2\">\r\n\t\t\t\t\t<li>\r\n\t\t\t\t\t\t\t\t03-06.2009 Allgemeine Krankenhaus (AKH) der Stadt Wien \u2013 Kardioreanimation\t\t\t<\/li>\r\n\t\t\t\t\t<li>\r\n\t\t\t\t\t\t\t\t03-06.2010 Allgemeine Krankenhaus (AKH) der Stadt Wien -Allgemein Kardiologie\t\t\t<\/li>\r\n\t\t\t\t\t<li>\r\n\t\t\t\t\t\t\t\t02-05.2011 Allgemeine Krankenhaus (AKH) der Stadt Wien -ECHOKG und Kardilogie\t\t\t<\/li>\r\n\t\t\t\t\t<li>\r\n\t\t\t\t\t\t\t\t11-12.2019  Klinikum Nord Bremen (Deutschland)- ECHOKG und Kardiologie\t\t\t<\/li>\r\n\t\t\t\t\t<li>\r\n\t\t\t\t\t\t\t\t07.2023  Cardioangiological Center Bethanien Frankfurt Klinikum -\u0130nvasive Kardiologie\t\t\t<\/li>\r\n\t\t\t<\/ul>\r\n<\/div>\r\n\r\n\t\t\t\t<\/div>\n\t\t\t\t<\/div>\n\t\t\t\t<\/div>\n\t\t\t\t<\/div>\n\t\t\t\t<\/div>\n\t\t\t\t\t<\/div>\n\t\t\t\t<\/div>\n\t\t<div class=\"elementor-element elementor-element-213d79d e-con-full e-flex e-con e-parent\" data-id=\"213d79d\" data-element_type=\"container\" data-settings=\"{&quot;background_background&quot;:&quot;classic&quot;}\">\n\t\t<div class=\"elementor-element elementor-element-d14da0a e-flex e-con-boxed e-con e-child\" data-id=\"d14da0a\" data-element_type=\"container\">\n\t\t\t\t\t<div class=\"e-con-inner\">\n\t\t\t\t<div class=\"elementor-element elementor-element-1a0417d elementor-widget elementor-widget-rt-title\" data-id=\"1a0417d\" data-element_type=\"widget\" data-widget_type=\"rt-title.default\">\n\t\t\t\t<div class=\"elementor-widget-container\">\n\t\t\t\t\t\r\n<div class=\"rt-el-title section-heading heading-layout4  dark style4\">\t\r\n        <span class=\"rtin-beforetitle\">Niy\u0259 biz?<\/span>\r\n        <h2 class=\"rtin-title\">Tibb Sektoruna Yenilik\u00e7i Dam\u011fam\u0131z\u0131 Vururuq<\/h2>        \r\n        <\/div>\t\t\t\t<\/div>\n\t\t\t\t<\/div>\n\t\t<div class=\"elementor-element elementor-element-7810cb6 e-con-full e-flex e-con e-child\" data-id=\"7810cb6\" data-element_type=\"container\">\n\t\t<div class=\"elementor-element elementor-element-4827725 e-con-full e-flex e-con e-child\" data-id=\"4827725\" data-element_type=\"container\">\n\t\t\t\t<div class=\"elementor-element elementor-element-cef787f elementor-widget elementor-widget-rt-info-box\" data-id=\"cef787f\" data-element_type=\"widget\" data-widget_type=\"rt-info-box.default\">\n\t\t\t\t<div class=\"elementor-widget-container\">\n\t\t\t\t\t\r\n<div class=\"rt-el-info-box clearfix media  rtin-light rtin-style11\">\r\n\t<div class=\"rtin-icon\">\r\n\t\t\t\t\t\t\t\t\t\t\t<i class=\"primaryColor fa fa-stethoscope\" aria-hidden=\"true\"><\/i>\r\n\t\t\t\t\t\t<\/div>\r\n\t<div class=\"media-body rtin-content\">\r\n\t\t<h3 class=\"media-heading rtin-title\"><a href=\"#\">M\u00fcasir texnologiya<\/a><\/h3>\r\n\t\t<p class=\"rtin-text\">Biz \u0259n son tibbi texnologiyalar\u0131 t\u0259tbiq ed\u0259r\u0259k, x\u0259st\u0259l\u0259r\u0259 y\u00fcks\u0259k d\u0259qiqlikl\u0259 diaqnostika v\u0259 m\u00fcalic\u0259 imkanlar\u0131 yarad\u0131r\u0131q.<\/p>\r\n\t<\/div>\r\n<\/div>\t\t\t\t<\/div>\n\t\t\t\t<\/div>\n\t\t\t\t<div class=\"elementor-element elementor-element-5a5443b elementor-widget elementor-widget-rt-info-box\" data-id=\"5a5443b\" data-element_type=\"widget\" data-widget_type=\"rt-info-box.default\">\n\t\t\t\t<div class=\"elementor-widget-container\">\n\t\t\t\t\t\r\n<div class=\"rt-el-info-box clearfix media  rtin-light rtin-style11\">\r\n\t<div class=\"rtin-icon\">\r\n\t\t\t\t\t\t\t\t\t\t\t<i class=\"primaryColor fa fa-user-md\" aria-hidden=\"true\"><\/i>\r\n\t\t\t\t\t\t<\/div>\r\n\t<div class=\"media-body rtin-content\">\r\n\t\t<h3 class=\"media-heading rtin-title\">Sertifikatl\u0131 m\u00fct\u0259x\u0259ssis<\/h3>\r\n\t\t<p class=\"rtin-text\">Pe\u015f\u0259kar hey\u0259timiz d\u00fcnya s\u0259viyy\u0259li sertifikasiyalara malikdir v\u0259 sah\u0259l\u0259rind\u0259 geni\u015f t\u0259cr\u00fcb\u0259y\u0259 sahibdir.<\/p>\r\n\t<\/div>\r\n<\/div>\t\t\t\t<\/div>\n\t\t\t\t<\/div>\n\t\t\t\t<div class=\"elementor-element elementor-element-136a150 elementor-widget elementor-widget-rt-info-box\" data-id=\"136a150\" data-element_type=\"widget\" data-widget_type=\"rt-info-box.default\">\n\t\t\t\t<div class=\"elementor-widget-container\">\n\t\t\t\t\t\r\n<div class=\"rt-el-info-box clearfix media  rtin-light rtin-style11\">\r\n\t<div class=\"rtin-icon\">\r\n\t\t\t\t\t\t\t\t\t\t\t<i class=\"primaryColor fa fa-trophy\" aria-hidden=\"true\"><\/i>\r\n\t\t\t\t\t\t<\/div>\r\n\t<div class=\"media-body rtin-content\">\r\n\t\t<h3 class=\"media-heading rtin-title\">Y\u00fczl\u0259rl\u0259 sa\u011flam \u00fcr\u0259k<\/h3>\r\n\t\t<p class=\"rtin-text\">H\u0259r il y\u00fczl\u0259rl\u0259 x\u0259st\u0259 sa\u011flaml\u0131\u011f\u0131na qovu\u015fur, \u00e7\u00fcnki biz \u00fcr\u0259k sa\u011flaml\u0131\u011f\u0131n\u0131z\u0131 qorumaq \u00fc\u00e7\u00fcn m\u00fcasir h\u0259ll\u0259r t\u0259klif edirik.<\/p>\r\n\t<\/div>\r\n<\/div>\t\t\t\t<\/div>\n\t\t\t\t<\/div>\n\t\t\t\t<\/div>\n\t\t\t\t<\/div>\n\t\t\t\t\t<\/div>\n\t\t\t\t<\/div>\n\t\t\t\t<\/div>\n\t\t\t\t<\/div>","protected":false},"excerpt":{"rendered":"<p>\u018flaq\u0259 \u00fc\u00e7\u00fcn +994 10 382 29 99 Dr. Kardioloq K\u0259nan \u018fhm\u0259dov Art\u0131q 15 il\u0259 yax\u0131nd\u0131r ki, Kardiovaskulyar x\u0259st\u0259likl\u0259r m\u00fct\u0259x\u0259sisi v\u0259 \u0130nvaziv Kardioloq kimi \u00e7al\u0131\u015fmaqdad\u0131r. \u00a02003 c\u00fc ild\u0259 Az\u0259rbaycan Tibb Universitetini bitirdikd\u0259n sonra m\u00fcxt\u0259lif ill\u0259rd\u0259 Az\u0259rbaycan, Avstriya,T\u00fcrkiy\u0259 v\u0259 Almaniyada \u00e7oxsayl\u0131 ixtisas art\u0131rma kurslar\u0131nda i\u015ftirak etmi\u015fdir.\u00a0 Hal haz\u0131rda o v\u0259 Komandas\u0131 t\u0259r\u0259find\u0259n Kardiologiyan\u0131n \u0259n m\u00fcasir m\u00fcalic\u0259 v\u0259&#8230;<\/p>","protected":false},"author":1,"featured_media":0,"parent":0,"menu_order":0,"comment_status":"closed","ping_status":"closed","template":"","meta":{"footnotes":""},"class_list":["post-8","page","type-page","status-publish","hentry"],"_links":{"self":[{"href":"https:\/\/kardio.az\/de\/wp-json\/wp\/v2\/pages\/8","targetHints":{"allow":["GET"]}}],"collection":[{"href":"https:\/\/kardio.az\/de\/wp-json\/wp\/v2\/pages"}],"about":[{"href":"https:\/\/kardio.az\/de\/wp-json\/wp\/v2\/types\/page"}],"author":[{"embeddable":true,"href":"https:\/\/kardio.az\/de\/wp-json\/wp\/v2\/users\/1"}],"replies":[{"embeddable":true,"href":"https:\/\/kardio.az\/de\/wp-json\/wp\/v2\/comments?post=8"}],"version-history":[{"count":7,"href":"https:\/\/kardio.az\/de\/wp-json\/wp\/v2\/pages\/8\/revisions"}],"predecessor-version":[{"id":6354,"href":"https:\/\/kardio.az\/de\/wp-json\/wp\/v2\/pages\/8\/revisions\/6354"}],"wp:attachment":[{"href":"https:\/\/kardio.az\/de\/wp-json\/wp\/v2\/media?parent=8"}],"curies":[{"name":"wp","href":"https:\/\/api.w.org\/{rel}","templated":true}]}}