{"id":686,"date":"2018-11-15T10:04:55","date_gmt":"2018-11-15T10:04:55","guid":{"rendered":"https:\/\/kardio.az\/?page_id=686"},"modified":"2024-10-11T23:07:38","modified_gmt":"2024-10-11T19:07:38","slug":"appointment-form","status":"publish","type":"page","link":"https:\/\/kardio.az\/de\/appointment-form\/","title":{"rendered":"Terminvereinbarungsformular"},"content":{"rendered":"<div data-elementor-type=\"wp-post\" data-elementor-id=\"686\" class=\"elementor elementor-686\" data-elementor-post-type=\"page\">\n\t\t\t\t<div class=\"elementor-element elementor-element-f30e8d7 e-flex e-con-boxed e-con e-parent\" data-id=\"f30e8d7\" data-element_type=\"container\" data-settings=\"{&quot;background_background&quot;:&quot;classic&quot;}\">\n\t\t\t\t\t<div class=\"e-con-inner\">\n\t\t<div class=\"elementor-element elementor-element-e10feea make-an-appointment e-con-full e-flex e-con e-child\" data-id=\"e10feea\" data-element_type=\"container\" data-settings=\"{&quot;background_background&quot;:&quot;classic&quot;}\">\n\t\t\t\t<div class=\"elementor-element elementor-element-8c28c73 elementor-widget elementor-widget-rt-title\" data-id=\"8c28c73\" data-element_type=\"widget\" data-widget_type=\"rt-title.default\">\n\t\t\t\t<div class=\"elementor-widget-container\">\n\t\t\t\t\t\r\n<div class=\"rt-el-title section-heading heading-dark heading-layout5 style3\">\r\n\t<h2 class=\"rtin-title\">EKQ g\u00f6nd\u0259r, cavab\u0131n\u0131 al<\/h2>\r\n<\/div>\r\n\r\n\t\t\t\t<\/div>\n\t\t\t\t<\/div>\n\t\t\t\t<div class=\"elementor-element elementor-element-0647a8d elementor-widget elementor-widget-text-editor\" data-id=\"0647a8d\" data-element_type=\"widget\" data-widget_type=\"text-editor.default\">\n\t\t\t\t\t\t\t\t\t<p>H\u0259kim il\u0259 g\u00f6r\u00fc\u015f \u0259ld\u0259 etm\u0259k \u00fc\u00e7\u00fcn yaxud elektrokardioqramman\u0131z\u0131n oxunmas\u0131 \u00fc\u00e7\u00fcn a\u015fa\u011f\u0131daki formu doldurun. H\u0259kim sizinl\u0259 q\u0131sa zaman \u0259rzind\u0259 \u0259laq\u0259 saxlayacaqd\u0131r<\/p>\t\t\t\t\t\t\t\t<\/div>\n\t\t\t\t<div class=\"elementor-element elementor-element-ee5132c elementor-button-align-stretch elementor-widget elementor-widget-form\" data-id=\"ee5132c\" data-element_type=\"widget\" data-settings=\"{&quot;step_next_label&quot;:&quot;Next&quot;,&quot;step_previous_label&quot;:&quot;Previous&quot;,&quot;button_width&quot;:&quot;100&quot;,&quot;step_type&quot;:&quot;number_text&quot;,&quot;step_icon_shape&quot;:&quot;circle&quot;}\" data-widget_type=\"form.default\">\n\t\t\t\t<div class=\"elementor-widget-container\">\n\t\t\t\t\t\t\t<form class=\"elementor-form\" method=\"post\" name=\"New Form\" action=\"\">\n\t\t\t<input type=\"hidden\" name=\"post_id\" value=\"686\"\/>\n\t\t\t<input type=\"hidden\" name=\"form_id\" value=\"ee5132c\"\/>\n\t\t\t<input type=\"hidden\" name=\"referer_title\" value=\"\u018flaq\u0259 formu\" \/>\n\n\t\t\t\t\t\t\t<input type=\"hidden\" name=\"queried_id\" value=\"686\"\/>\n\t\t\t\n\t\t\t<div class=\"elementor-form-fields-wrapper elementor-labels-\">\n\t\t\t\t\t\t\t\t<div class=\"elementor-field-type-text elementor-field-group elementor-column elementor-field-group-name elementor-col-100 elementor-field-required\">\n\t\t\t\t\t\t\t\t\t\t\t\t<label for=\"form-field-name\" class=\"elementor-field-label elementor-screen-only\">\n\t\t\t\t\t\t\t\tName\t\t\t\t\t\t\t<\/label>\n\t\t\t\t\t\t\t\t\t\t\t\t\t\t<input size=\"1\" type=\"text\" name=\"form_fields[name]\" id=\"form-field-name\" class=\"elementor-field elementor-size-sm  elementor-field-textual\" placeholder=\"Ihr Name*\" required=\"required\" aria-required=\"true\">\n\t\t\t\t\t\t\t\t\t\t\t<\/div>\n\t\t\t\t\t\t\t\t<div class=\"elementor-field-type-tel elementor-field-group elementor-column elementor-field-group-field_6e0206f elementor-col-100 elementor-field-required\">\n\t\t\t\t\t\t\t\t\t\t\t\t<label for=\"form-field-field_6e0206f\" class=\"elementor-field-label elementor-screen-only\">\n\t\t\t\t\t\t\t\tTel\t\t\t\t\t\t\t<\/label>\n\t\t\t\t\t\t\t\t<input size=\"1\" type=\"tel\" name=\"form_fields[field_6e0206f]\" id=\"form-field-field_6e0206f\" class=\"elementor-field elementor-size-sm  elementor-field-textual\" placeholder=\"Kontaktnummer*\" required=\"required\" aria-required=\"true\" pattern=\"[0-9()#&amp;+*-=.]+\" title=\"Only numbers and phone characters (#, -, *, etc) are accepted.\" data-no-translation-title=\"\">\n\n\t\t\t\t\t\t<\/div>\n\t\t\t\t\t\t\t\t<div class=\"elementor-field-type-textarea elementor-field-group elementor-column elementor-field-group-message elementor-col-100\">\n\t\t\t\t\t\t\t\t\t\t\t\t<label for=\"form-field-message\" class=\"elementor-field-label elementor-screen-only\">\n\t\t\t\t\t\t\t\tMessage\t\t\t\t\t\t\t<\/label>\n\t\t\t\t\t\t<textarea class=\"elementor-field-textual elementor-field  elementor-size-sm\" name=\"form_fields[message]\" id=\"form-field-message\" rows=\"4\" placeholder=\"Ihre Nachricht\"><\/textarea>\t\t\t\t<\/div>\n\t\t\t\t\t\t\t\t<div class=\"elementor-field-type-upload elementor-field-group elementor-column elementor-field-group-field_cfa16f7 elementor-col-100 elementor-field-required\">\n\t\t\t\t\t\t\t\t\t\t\t\t<label for=\"form-field-field_cfa16f7\" class=\"elementor-field-label elementor-screen-only\">\n\t\t\t\t\t\t\t\tEKQ \u015f\u0259kli\t\t\t\t\t\t\t<\/label>\n\t\t\t\t\t\t\t\t<input type=\"file\" name=\"form_fields[field_cfa16f7][]\" id=\"form-field-field_cfa16f7\" class=\"elementor-field elementor-size-sm  elementor-upload-field\" required=\"required\" aria-required=\"true\" multiple=\"multiple\">\n\n\t\t\t\t\t\t<\/div>\n\t\t\t\t\t\t\t\t<div class=\"elementor-field-group elementor-column elementor-field-type-submit elementor-col-100 e-form__buttons\">\n\t\t\t\t\t<button class=\"elementor-button elementor-size-sm\" type=\"submit\">\n\t\t\t\t\t\t<span class=\"elementor-button-content-wrapper\">\n\t\t\t\t\t\t\t\t\t\t\t\t\t\t\t\t\t\t\t\t\t\t<span class=\"elementor-button-text\">Schicken<\/span>\n\t\t\t\t\t\t\t\t\t\t\t\t\t<\/span>\n\t\t\t\t\t<\/button>\n\t\t\t\t<\/div>\n\t\t\t<\/div>\n\t\t<input type=\"hidden\" name=\"trp-form-language\" value=\"de\"\/><\/form>\n\t\t\t\t\t\t<\/div>\n\t\t\t\t<\/div>\n\t\t\t\t<\/div>\n\t\t\t\t\t<\/div>\n\t\t\t\t<\/div>\n\t\t\t\t<\/div>","protected":false},"excerpt":{"rendered":"<p>EKQ g\u00f6nd\u0259r, cavab\u0131n\u0131 al H\u0259kim il\u0259 g\u00f6r\u00fc\u015f \u0259ld\u0259 etm\u0259k \u00fc\u00e7\u00fcn yaxud elektrokardioqramman\u0131z\u0131n oxunmas\u0131 \u00fc\u00e7\u00fcn a\u015fa\u011f\u0131daki formu doldurun. H\u0259kim sizinl\u0259 q\u0131sa zaman \u0259rzind\u0259 \u0259laq\u0259 saxlayacaqd\u0131r<\/p>","protected":false},"author":1,"featured_media":0,"parent":0,"menu_order":0,"comment_status":"closed","ping_status":"closed","template":"elementor_header_footer","meta":{"footnotes":""},"class_list":["post-686","page","type-page","status-publish","hentry"],"_links":{"self":[{"href":"https:\/\/kardio.az\/de\/wp-json\/wp\/v2\/pages\/686","targetHints":{"allow":["GET"]}}],"collection":[{"href":"https:\/\/kardio.az\/de\/wp-json\/wp\/v2\/pages"}],"about":[{"href":"https:\/\/kardio.az\/de\/wp-json\/wp\/v2\/types\/page"}],"author":[{"embeddable":true,"href":"https:\/\/kardio.az\/de\/wp-json\/wp\/v2\/users\/1"}],"replies":[{"embeddable":true,"href":"https:\/\/kardio.az\/de\/wp-json\/wp\/v2\/comments?post=686"}],"version-history":[{"count":22,"href":"https:\/\/kardio.az\/de\/wp-json\/wp\/v2\/pages\/686\/revisions"}],"predecessor-version":[{"id":6475,"href":"https:\/\/kardio.az\/de\/wp-json\/wp\/v2\/pages\/686\/revisions\/6475"}],"wp:attachment":[{"href":"https:\/\/kardio.az\/de\/wp-json\/wp\/v2\/media?parent=686"}],"curies":[{"name":"wp","href":"https:\/\/api.w.org\/{rel}","templated":true}]}}